{"id":1685,"date":"2017-03-31T11:42:59","date_gmt":"2017-03-31T08:42:59","guid":{"rendered":"https:\/\/www.virumaahostel.com\/?page_id=1685\/"},"modified":"2025-11-07T10:05:02","modified_gmt":"2025-11-07T08:05:02","slug":"contacts","status":"publish","type":"page","link":"https:\/\/www.virumaahostel.com\/en\/contacts\/","title":{"rendered":"Contact"},"content":{"rendered":"<p><strong>Hostel reception is open from Monday to Sunday from 8AM &#8211; 7PM.<\/strong><br \/>\nIf you arrive later, please notify the reception.We will send you detailed instructions for check-in.<br \/>\nIf you need to enter the hostel between 7 p.m and 8 a.m please call 1899 or (+372) 619 1899<\/p>\n<p><strong>Virumaa Hostel<\/strong><br \/>\nTT\u00dc \u00dcli\u00f5pilask\u00fcla MT\u00dc<br \/>\nReg code: 80131259<br \/>\nKalevi 4, Kohtla J\u00e4rve, Ida-Viru maakond<br \/>\n<strong>E-mail<\/strong>: <a href=\"mailto:info@virumaahostel.com\">info@virumaahostel.com<\/a><br \/>\n<strong>Phone<\/strong>: (+372) 334 4103<\/p>\n<p><iframe loading=\"lazy\" style=\"border: 0;\" src=\"https:\/\/www.google.com\/maps\/embed?pb=!1m18!1m12!1m3!1d2030.8894909391154!2d27.286444715896618!3d59.40155618168415!2m3!1f0!2f0!3f0!3m2!1i1024!2i768!4f13.1!3m3!1m2!1s0x46947088f4d91357%3A0xef3372cf65d788f!2sKalevi+4%2C+Kohtla-J%C3%A4rve%2C+30325+Ida-Viru+maakond!5e0!3m2!1sen!2see!4v1486381733450\" width=\"100%\" height=\"400\" frameborder=\"0\" allowfullscreen=\"allowfullscreen\" data-mce-fragment=\"1\"><\/iframe><\/p>\n<p>&nbsp;<\/p>\n","protected":false},"excerpt":{"rendered":"<p>Hostel reception is open from Monday to Sunday from 8AM &#8211; 7PM. If you arrive later, please notify the reception.We will send you detailed instructions for check-in. If you need to enter the hostel between 7 p.m and 8 a.m please call 1899 or (+372) 619 1899 Virumaa Hostel TT\u00dc \u00dcli\u00f5pilask\u00fcla MT\u00dc Reg code: 80131259 Kalevi 4, Kohtla J\u00e4rve, Ida-Viru maakond E-mail: info@virumaahostel.com Phone: (+372) 334 4103 &nbsp;<\/p>\n","protected":false},"author":1,"featured_media":0,"parent":0,"menu_order":0,"comment_status":"closed","ping_status":"closed","template":"page.php","meta":{"footnotes":""},"class_list":["post-1685","page","type-page","status-publish","hentry"],"_links":{"self":[{"href":"https:\/\/www.virumaahostel.com\/en\/wp-json\/wp\/v2\/pages\/1685","targetHints":{"allow":["GET"]}}],"collection":[{"href":"https:\/\/www.virumaahostel.com\/en\/wp-json\/wp\/v2\/pages"}],"about":[{"href":"https:\/\/www.virumaahostel.com\/en\/wp-json\/wp\/v2\/types\/page"}],"author":[{"embeddable":true,"href":"https:\/\/www.virumaahostel.com\/en\/wp-json\/wp\/v2\/users\/1"}],"replies":[{"embeddable":true,"href":"https:\/\/www.virumaahostel.com\/en\/wp-json\/wp\/v2\/comments?post=1685"}],"version-history":[{"count":46,"href":"https:\/\/www.virumaahostel.com\/en\/wp-json\/wp\/v2\/pages\/1685\/revisions"}],"predecessor-version":[{"id":3439,"href":"https:\/\/www.virumaahostel.com\/en\/wp-json\/wp\/v2\/pages\/1685\/revisions\/3439"}],"wp:attachment":[{"href":"https:\/\/www.virumaahostel.com\/en\/wp-json\/wp\/v2\/media?parent=1685"}],"curies":[{"name":"wp","href":"https:\/\/api.w.org\/{rel}","templated":true}]}}